{"id":62,"date":"2025-07-29T08:42:37","date_gmt":"2025-07-29T06:42:37","guid":{"rendered":"http:\/\/kliklokal.re\/?page_id=62"},"modified":"2025-11-17T22:43:21","modified_gmt":"2025-11-17T21:43:21","slug":"mentions-legales","status":"publish","type":"page","link":"https:\/\/www.kliklokal.re\/?page_id=62","title":{"rendered":"Mentions l\u00e9gales"},"content":{"rendered":"\n<p><strong>Kliklokal<\/strong><br>\nSoci\u00e9t\u00e9 immatricul\u00e9e au RCS sous le num\u00e9ro <strong>940\u202f539\u202f398\u202f00013<\/strong> (SIRET du si\u00e8ge social)<br>\n\ud83d\udccd Si\u00e8ge social : <strong>56 rue G\u00e9n\u00e9ral de Gaulle, 97400 Saint-Denis, La R\u00e9union<\/strong><br>\n\ud83d\udcde T\u00e9l\u00e9phone : <strong>06\u202f93\u202f03\u202f98\u202f40<\/strong><br>\n\ud83d\udce7 Email : <strong><a>contact@kliklokal.re<\/a><\/strong><\/p>\n\n\n\n<p><strong>Directeur de la publication :<\/strong> Monsieur <strong>Alphonse SAMINADIN<\/strong>.<\/p>\n\n\n\n<hr class=\"wp-block-separator has-css-opacity\"\/>\n\n\n\n<h3 class=\"wp-block-heading\">H\u00e9bergement du site<\/h3>\n\n\n\n<p>Le site est h\u00e9berg\u00e9 par <strong>Hosteur SAS<\/strong><br>RCS Aix\u2011en\u2011Provence n\u00b0 <strong>445\u202f005\u202f812<\/strong><br> \ud83d\udccd <strong>67 Cours Mirabeau, 13100 Aix-en-Provence, France<\/strong><br> \ud83d\udcde <strong>+33 (0)4 88 78 60 00<\/strong><br>  \ud83c\udf10 <strong><a>www.hosteur.com<\/a><\/strong><\/p>\n\n\n\n<hr class=\"wp-block-separator has-css-opacity\"\/>\n\n\n\n<h3 class=\"wp-block-heading\">Propri\u00e9t\u00e9 intellectuelle<\/h3>\n\n\n\n<p class=\"has-text-align-left\">Tous les contenus pr\u00e9sents sur ce site (textes, images, logos, vid\u00e9os, \u00e9l\u00e9ments graphiques, etc.) sont la propri\u00e9t\u00e9 exclusive de Kliklokal ou de ses partenaires et sont prot\u00e9g\u00e9s par le Code de la propri\u00e9t\u00e9 intellectuelle.<br>\nToute reproduction, repr\u00e9sentation, modification, publication ou adaptation, totale ou partielle, est interdite sans l\u2019autorisation \u00e9crite pr\u00e9alable de Kliklokal.<\/p>\n\n\n\n<hr class=\"wp-block-separator has-css-opacity\"\/>\n\n\n\n<h3 class=\"wp-block-heading\">Responsabilit\u00e9<\/h3>\n\n\n\n<p>Kliklokal s\u2019efforce d\u2019assurer au mieux l\u2019exactitude et la mise \u00e0 jour des informations diffus\u00e9es sur le site, mais ne peut garantir leur exhaustivit\u00e9 ni l\u2019absence d\u2019erreurs.<br>L\u2019utilisateur est responsable de la v\u00e9rification de ces informations et de l\u2019utilisation qu\u2019il en fait.<\/p>\n\n\n\n<hr class=\"wp-block-separator has-css-opacity\"\/>\n\n\n\n<hr class=\"wp-block-separator has-css-opacity\"\/>\n\n\n\n<h3 class=\"wp-block-heading\">Conditions d\u2019utilisation<\/h3>\n\n\n\n<p>En naviguant sur ce site, vous acceptez sans r\u00e9serve les pr\u00e9sentes mentions l\u00e9gales et les conditions g\u00e9n\u00e9rales d\u2019utilisation.<br>Toute utilisation abusive ou d\u00e9tourn\u00e9e des services est strictement interdite.<\/p>\n\n\n\n<hr class=\"wp-block-separator has-css-opacity\"\/>\n\n\n\n<h3 class=\"wp-block-heading\">Mise \u00e0 jour<\/h3>\n\n\n\n<p>Ces mentions l\u00e9gales peuvent \u00eatre modifi\u00e9es \u00e0 tout moment.<br>Derni\u00e8re mise \u00e0 jour : <strong>novembre 2025<\/strong>.<\/p>\n","protected":false},"excerpt":{"rendered":"<p>Kliklokal Soci\u00e9t\u00e9 immatricul\u00e9e au RCS sous le num\u00e9ro 940\u202f539\u202f398\u202f00013 (SIRET du si\u00e8ge social) \ud83d\udccd Si\u00e8ge social : 56 rue G\u00e9n\u00e9ral [&hellip;]<\/p>\n","protected":false},"author":1,"featured_media":0,"parent":0,"menu_order":0,"comment_status":"closed","ping_status":"closed","template":"","meta":{"site-sidebar-layout":"default","site-content-layout":"","ast-site-content-layout":"default","site-content-style":"default","site-sidebar-style":"default","ast-global-header-display":"","ast-banner-title-visibility":"","ast-main-header-display":"","ast-hfb-above-header-display":"","ast-hfb-below-header-display":"","ast-hfb-mobile-header-display":"","site-post-title":"","ast-breadcrumbs-content":"","ast-featured-img":"","footer-sml-layout":"","theme-transparent-header-meta":"","adv-header-id-meta":"","stick-header-meta":"","header-above-stick-meta":"","header-main-stick-meta":"","header-below-stick-meta":"","astra-migrate-meta-layouts":"default","ast-page-background-enabled":"default","ast-page-background-meta":{"desktop":{"background-color":"var(--ast-global-color-5)","background-image":"","background-repeat":"repeat","background-position":"center center","background-size":"auto","background-attachment":"scroll","background-type":"","background-media":"","overlay-type":"","overlay-color":"","overlay-opacity":"","overlay-gradient":""},"tablet":{"background-color":"","background-image":"","background-repeat":"repeat","background-position":"center center","background-size":"auto","background-attachment":"scroll","background-type":"","background-media":"","overlay-type":"","overlay-color":"","overlay-opacity":"","overlay-gradient":""},"mobile":{"background-color":"","background-image":"","background-repeat":"repeat","background-position":"center center","background-size":"auto","background-attachment":"scroll","background-type":"","background-media":"","overlay-type":"","overlay-color":"","overlay-opacity":"","overlay-gradient":""}},"ast-content-background-meta":{"desktop":{"background-color":"var(--ast-global-color-4)","background-image":"","background-repeat":"repeat","background-position":"center center","background-size":"auto","background-attachment":"scroll","background-type":"","background-media":"","overlay-type":"","overlay-color":"","overlay-opacity":"","overlay-gradient":""},"tablet":{"background-color":"var(--ast-global-color-4)","background-image":"","background-repeat":"repeat","background-position":"center center","background-size":"auto","background-attachment":"scroll","background-type":"","background-media":"","overlay-type":"","overlay-color":"","overlay-opacity":"","overlay-gradient":""},"mobile":{"background-color":"var(--ast-global-color-4)","background-image":"","background-repeat":"repeat","background-position":"center center","background-size":"auto","background-attachment":"scroll","background-type":"","background-media":"","overlay-type":"","overlay-color":"","overlay-opacity":"","overlay-gradient":""}},"footnotes":""},"class_list":["post-62","page","type-page","status-publish","hentry"],"_links":{"self":[{"href":"https:\/\/www.kliklokal.re\/index.php?rest_route=\/wp\/v2\/pages\/62","targetHints":{"allow":["GET"]}}],"collection":[{"href":"https:\/\/www.kliklokal.re\/index.php?rest_route=\/wp\/v2\/pages"}],"about":[{"href":"https:\/\/www.kliklokal.re\/index.php?rest_route=\/wp\/v2\/types\/page"}],"author":[{"embeddable":true,"href":"https:\/\/www.kliklokal.re\/index.php?rest_route=\/wp\/v2\/users\/1"}],"replies":[{"embeddable":true,"href":"https:\/\/www.kliklokal.re\/index.php?rest_route=%2Fwp%2Fv2%2Fcomments&post=62"}],"version-history":[{"count":4,"href":"https:\/\/www.kliklokal.re\/index.php?rest_route=\/wp\/v2\/pages\/62\/revisions"}],"predecessor-version":[{"id":179,"href":"https:\/\/www.kliklokal.re\/index.php?rest_route=\/wp\/v2\/pages\/62\/revisions\/179"}],"wp:attachment":[{"href":"https:\/\/www.kliklokal.re\/index.php?rest_route=%2Fwp%2Fv2%2Fmedia&parent=62"}],"curies":[{"name":"wp","href":"https:\/\/api.w.org\/{rel}","templated":true}]}}