{"id":36,"date":"2025-07-28T21:19:32","date_gmt":"2025-07-28T19:19:32","guid":{"rendered":"http:\/\/kliklokal.re\/?page_id=36"},"modified":"2025-08-07T21:19:32","modified_gmt":"2025-08-07T19:19:32","slug":"votre-partenaire-digital-pour-developper-valoriser-et-animer-votre-presence-en-ligne","status":"publish","type":"page","link":"https:\/\/www.kliklokal.re\/?page_id=36","title":{"rendered":"Votre partenaire digital"},"content":{"rendered":"\n<p class=\"has-text-align-center\"><strong>Pour d\u00e9velopper, valoriser et animer votre pr\u00e9sence en ligne !<\/strong><\/p>\n\n\n\n<figure class=\"wp-block-image size-full\"><img loading=\"lazy\" decoding=\"async\" width=\"1536\" height=\"1024\" src=\"https:\/\/www.kliklokal.re\/wp-content\/uploads\/2025\/08\/intro-image.jpg\" alt=\"\" class=\"wp-image-126\" srcset=\"https:\/\/www.kliklokal.re\/wp-content\/uploads\/2025\/08\/intro-image.jpg 1536w, https:\/\/www.kliklokal.re\/wp-content\/uploads\/2025\/08\/intro-image-300x200.jpg 300w, https:\/\/www.kliklokal.re\/wp-content\/uploads\/2025\/08\/intro-image-1056x704.jpg 1056w, https:\/\/www.kliklokal.re\/wp-content\/uploads\/2025\/08\/intro-image-768x512.jpg 768w, https:\/\/www.kliklokal.re\/wp-content\/uploads\/2025\/08\/intro-image-1200x800.jpg 1200w\" sizes=\"auto, (max-width: 1536px) 100vw, 1536px\" \/><\/figure>\n\n\n\n<p><strong>Donnez vie \u00e0 vos id\u00e9es num\u00e9riques<\/strong><\/p>\n\n\n\n<ul class=\"wp-block-list\">\n<li>Conception et d\u00e9veloppement de portails internet modernes et performants<br><\/li>\n\n\n\n<li>Animation et mise \u00e0 jour r\u00e9guli\u00e8re pour fid\u00e9liser vos visiteurs<br><\/li>\n\n\n\n<li>D\u00e9veloppement d\u2019applications mobiles et plateformes interactives pour connecter et engager vos communaut\u00e9s<br><\/li>\n\n\n\n<li>Maintenance et suivi technique pour garantir une exp\u00e9rience fluide et s\u00e9curis\u00e9e<\/li>\n<\/ul>\n\n\n\n<blockquote class=\"wp-block-quote has-text-align-center is-layout-flow wp-block-quote-is-layout-flow\">\n<p><strong>Ils nous font d\u00e9j\u00e0 confiance pour booster leur visibilit\u00e9 et dominer leur march\u00e9 :<\/strong><\/p>\n<\/blockquote>\n\n\n\n<p class=\"has-text-align-center\">  <strong><a href=\"https:\/\/roulocal.re\/\">Roulocal.re<\/a><\/strong><\/p>\n\n\n\n<p class=\"has-text-align-center\">Une r\u00e9f\u00e9rence r\u00e9unionnaise pour la location de voitures et le covoiturage, a choisi <strong>Kliklokal<\/strong> pour la cr\u00e9ation de son site web et de ses applications mobiles.<br> Une solution 100 % locale, s\u00e9curis\u00e9e et optimis\u00e9e SEO pour faciliter tous vos d\u00e9placements dans le 974.<br> R\u00e9servez, louez ou partagez vos trajets en toute simplicit\u00e9 gr\u00e2ce \u00e0 notre expertise digitale.<br> Faites confiance \u00e0 Kliklokal, votre partenaire digital \u00e0 La R\u00e9union. <img loading=\"lazy\" decoding=\"async\" width=\"150\" height=\"149\" class=\"wp-image-105\" style=\"width: 150px;\" src=\"https:\/\/www.kliklokal.re\/wp-content\/uploads\/2025\/08\/Screenshot_20250725_145911_ClearScanner.jpg\" alt=\"\" srcset=\"https:\/\/www.kliklokal.re\/wp-content\/uploads\/2025\/08\/Screenshot_20250725_145911_ClearScanner.jpg 1078w, https:\/\/www.kliklokal.re\/wp-content\/uploads\/2025\/08\/Screenshot_20250725_145911_ClearScanner-300x297.jpg 300w, https:\/\/www.kliklokal.re\/wp-content\/uploads\/2025\/08\/Screenshot_20250725_145911_ClearScanner-1034x1024.jpg 1034w, https:\/\/www.kliklokal.re\/wp-content\/uploads\/2025\/08\/Screenshot_20250725_145911_ClearScanner-150x150.jpg 150w, https:\/\/www.kliklokal.re\/wp-content\/uploads\/2025\/08\/Screenshot_20250725_145911_ClearScanner-768x761.jpg 768w\" sizes=\"auto, (max-width: 150px) 100vw, 150px\" \/><\/p>\n\n\n\n<p><br><\/p>\n\n\n\n<p class=\"has-text-align-center\"><strong><a href=\"http:\/\/diagauto.re\/\">Diagauto.re<\/a><\/strong> <\/p>\n\n\n\n<p> \u00c9cosyst\u00e8me digital exclusif d\u00e9di\u00e9 aux experts de la m\u00e9canique, climatisation et diagnostic automobile. Des sites web haute performance et applications sur mesure, con\u00e7us pour valoriser leur savoir-faire, capter de nouveaux clients et transformer chaque visite en opportunit\u00e9.<\/p>\n\n\n\n<figure class=\"wp-block-image size-full\"><img loading=\"lazy\" decoding=\"async\" width=\"1024\" height=\"1024\" src=\"https:\/\/www.kliklokal.re\/wp-content\/uploads\/2025\/08\/service-maintenance.jpg\" alt=\"\" class=\"wp-image-131\" srcset=\"https:\/\/www.kliklokal.re\/wp-content\/uploads\/2025\/08\/service-maintenance.jpg 1024w, https:\/\/www.kliklokal.re\/wp-content\/uploads\/2025\/08\/service-maintenance-300x300.jpg 300w, https:\/\/www.kliklokal.re\/wp-content\/uploads\/2025\/08\/service-maintenance-150x150.jpg 150w, https:\/\/www.kliklokal.re\/wp-content\/uploads\/2025\/08\/service-maintenance-768x768.jpg 768w\" sizes=\"auto, (max-width: 1024px) 100vw, 1024px\" \/><\/figure>\n","protected":false},"excerpt":{"rendered":"<p>Pour d\u00e9velopper, valoriser et animer votre pr\u00e9sence en ligne ! Donnez vie \u00e0 vos id\u00e9es num\u00e9riques Ils nous font d\u00e9j\u00e0 [&hellip;]<\/p>\n","protected":false},"author":1,"featured_media":0,"parent":0,"menu_order":0,"comment_status":"closed","ping_status":"closed","template":"","meta":{"site-sidebar-layout":"default","site-content-layout":"","ast-site-content-layout":"default","site-content-style":"default","site-sidebar-style":"default","ast-global-header-display":"","ast-banner-title-visibility":"","ast-main-header-display":"","ast-hfb-above-header-display":"","ast-hfb-below-header-display":"","ast-hfb-mobile-header-display":"","site-post-title":"","ast-breadcrumbs-content":"","ast-featured-img":"","footer-sml-layout":"","theme-transparent-header-meta":"","adv-header-id-meta":"","stick-header-meta":"","header-above-stick-meta":"","header-main-stick-meta":"","header-below-stick-meta":"","astra-migrate-meta-layouts":"default","ast-page-background-enabled":"default","ast-page-background-meta":{"desktop":{"background-color":"var(--ast-global-color-5)","background-image":"","background-repeat":"repeat","background-position":"center center","background-size":"auto","background-attachment":"scroll","background-type":"","background-media":"","overlay-type":"","overlay-color":"","overlay-opacity":"","overlay-gradient":""},"tablet":{"background-color":"","background-image":"","background-repeat":"repeat","background-position":"center center","background-size":"auto","background-attachment":"scroll","background-type":"","background-media":"","overlay-type":"","overlay-color":"","overlay-opacity":"","overlay-gradient":""},"mobile":{"background-color":"","background-image":"","background-repeat":"repeat","background-position":"center center","background-size":"auto","background-attachment":"scroll","background-type":"","background-media":"","overlay-type":"","overlay-color":"","overlay-opacity":"","overlay-gradient":""}},"ast-content-background-meta":{"desktop":{"background-color":"var(--ast-global-color-4)","background-image":"","background-repeat":"repeat","background-position":"center center","background-size":"auto","background-attachment":"scroll","background-type":"","background-media":"","overlay-type":"","overlay-color":"","overlay-opacity":"","overlay-gradient":""},"tablet":{"background-color":"var(--ast-global-color-4)","background-image":"","background-repeat":"repeat","background-position":"center center","background-size":"auto","background-attachment":"scroll","background-type":"","background-media":"","overlay-type":"","overlay-color":"","overlay-opacity":"","overlay-gradient":""},"mobile":{"background-color":"var(--ast-global-color-4)","background-image":"","background-repeat":"repeat","background-position":"center center","background-size":"auto","background-attachment":"scroll","background-type":"","background-media":"","overlay-type":"","overlay-color":"","overlay-opacity":"","overlay-gradient":""}},"footnotes":""},"class_list":["post-36","page","type-page","status-publish","hentry"],"_links":{"self":[{"href":"https:\/\/www.kliklokal.re\/index.php?rest_route=\/wp\/v2\/pages\/36","targetHints":{"allow":["GET"]}}],"collection":[{"href":"https:\/\/www.kliklokal.re\/index.php?rest_route=\/wp\/v2\/pages"}],"about":[{"href":"https:\/\/www.kliklokal.re\/index.php?rest_route=\/wp\/v2\/types\/page"}],"author":[{"embeddable":true,"href":"https:\/\/www.kliklokal.re\/index.php?rest_route=\/wp\/v2\/users\/1"}],"replies":[{"embeddable":true,"href":"https:\/\/www.kliklokal.re\/index.php?rest_route=%2Fwp%2Fv2%2Fcomments&post=36"}],"version-history":[{"count":12,"href":"https:\/\/www.kliklokal.re\/index.php?rest_route=\/wp\/v2\/pages\/36\/revisions"}],"predecessor-version":[{"id":144,"href":"https:\/\/www.kliklokal.re\/index.php?rest_route=\/wp\/v2\/pages\/36\/revisions\/144"}],"wp:attachment":[{"href":"https:\/\/www.kliklokal.re\/index.php?rest_route=%2Fwp%2Fv2%2Fmedia&parent=36"}],"curies":[{"name":"wp","href":"https:\/\/api.w.org\/{rel}","templated":true}]}}