{"id":13,"date":"2025-07-28T21:11:00","date_gmt":"2025-07-28T19:11:00","guid":{"rendered":"http:\/\/kliklokal.re\/?page_id=13"},"modified":"2025-11-17T22:54:47","modified_gmt":"2025-11-17T21:54:47","slug":"a-propos-de","status":"publish","type":"page","link":"https:\/\/www.kliklokal.re\/?page_id=13","title":{"rendered":"\u00c0 propos"},"content":{"rendered":"\n<p><\/p>\n\n\n\n<p class=\"has-text-align-left\"><strong>Kliklokal<\/strong> est bien plus qu\u2019une simple agence digitale. Nous sommes un partenaire de confiance pour <strong>cr\u00e9er, d\u00e9velopper et animer<\/strong> votre pr\u00e9sence en ligne gr\u00e2ce \u00e0 des solutions innovantes et personnalis\u00e9es.<\/p>\n\n\n\n<p><strong>Notre mission :<\/strong><\/p>\n\n\n\n<ul class=\"wp-block-list\">\n<li>Donner vie \u00e0 vos id\u00e9es num\u00e9riques gr\u00e2ce \u00e0 la <strong>cr\u00e9ation et gestion de portails web<\/strong>, d\u2019applications mobiles et de plateformes interactives.<br><\/li>\n\n\n\n<li><strong>Valoriser et mon\u00e9tiser<\/strong> vos projets gr\u00e2ce \u00e0 des strat\u00e9gies digitales performantes et une expertise en r\u00e9f\u00e9rencement naturel.<br><\/li>\n\n\n\n<li>Cr\u00e9er des <strong>interfaces graphiques uniques<\/strong> et une exp\u00e9rience utilisateur fluide, moderne et engageante.<br><\/li>\n\n\n\n<li>Vous accompagner au-del\u00e0 du digital, avec du <strong>coaching professionnel et personnel<\/strong> pour booster votre confiance, votre bien-\u00eatre et vos performances.<br><\/li>\n<\/ul>\n\n\n\n<p><\/p>\n\n\n\n<p>Chez <strong>Kliklokal<\/strong>, nous croyons qu\u2019un projet digital r\u00e9ussi est avant tout une aventure humaine, construite autour de l\u2019\u00e9coute, de la cr\u00e9ativit\u00e9 et de la performance.<\/p>\n\n\n\n<hr class=\"wp-block-separator has-css-opacity\"\/>\n\n\n\n<p><strong>\u2705 Nos valeurs :<\/strong><\/p>\n\n\n\n<ul class=\"wp-block-list\">\n<li><strong>Innovation &amp; adaptabilit\u00e9<\/strong> : Nous imaginons des solutions digitales cr\u00e9atives et flexibles, adapt\u00e9es \u00e0 vos besoins.<\/li>\n\n\n\n<li><strong>\u00c9coute &amp; accompagnement sur-mesure<\/strong> : Chaque projet est unique, et nous vous accompagnons pas \u00e0 pas pour le concr\u00e9tiser.<\/li>\n\n\n\n<li><strong>Transparence &amp; engagement durable<\/strong> : Nous agissons avec clart\u00e9 et responsabilit\u00e9, en favorisant des pratiques respectueuses de l\u2019environnement.<\/li>\n\n\n\n<li><strong>\u00c9thique<\/strong> : Int\u00e9grit\u00e9 et respect guident chacune de nos d\u00e9cisions.<\/li>\n<\/ul>\n\n\n\n<hr class=\"wp-block-separator has-css-opacity\"\/>\n\n\n\n<p><strong>Pourquoi \u00ab\u202fKliklokal\u202f\u00bb ?<\/strong><br>Parce que nous sommes convaincus que la r\u00e9ussite d\u2019un projet passe par une approche <strong>locale, humaine et authentique<\/strong>, combin\u00e9e \u00e0 la force du num\u00e9rique.<\/p>\n\n\n\n<hr class=\"wp-block-separator has-css-opacity\"\/>\n\n\n\n<p><strong>Bas\u00e9s \u00e0 La R\u00e9union<\/strong>, transformez vos id\u00e9es en solutions digitales uniques, \u00e9co-responsables et sur-mesure, aux couleurs de votre identit\u00e9, locales et internationales, directement depuis notre \u00eele.<\/p>\n\n\n\n<p><\/p>\n","protected":false},"excerpt":{"rendered":"<p>Kliklokal est bien plus qu\u2019une simple agence digitale. Nous sommes un partenaire de confiance pour cr\u00e9er, d\u00e9velopper et animer votre [&hellip;]<\/p>\n","protected":false},"author":1,"featured_media":0,"parent":0,"menu_order":0,"comment_status":"closed","ping_status":"closed","template":"","meta":{"site-sidebar-layout":"default","site-content-layout":"","ast-site-content-layout":"default","site-content-style":"default","site-sidebar-style":"default","ast-global-header-display":"","ast-banner-title-visibility":"","ast-main-header-display":"","ast-hfb-above-header-display":"","ast-hfb-below-header-display":"","ast-hfb-mobile-header-display":"","site-post-title":"","ast-breadcrumbs-content":"","ast-featured-img":"","footer-sml-layout":"","theme-transparent-header-meta":"","adv-header-id-meta":"","stick-header-meta":"","header-above-stick-meta":"","header-main-stick-meta":"","header-below-stick-meta":"","astra-migrate-meta-layouts":"default","ast-page-background-enabled":"default","ast-page-background-meta":{"desktop":{"background-color":"var(--ast-global-color-5)","background-image":"","background-repeat":"repeat","background-position":"center center","background-size":"auto","background-attachment":"scroll","background-type":"","background-media":"","overlay-type":"","overlay-color":"","overlay-opacity":"","overlay-gradient":""},"tablet":{"background-color":"","background-image":"","background-repeat":"repeat","background-position":"center center","background-size":"auto","background-attachment":"scroll","background-type":"","background-media":"","overlay-type":"","overlay-color":"","overlay-opacity":"","overlay-gradient":""},"mobile":{"background-color":"","background-image":"","background-repeat":"repeat","background-position":"center center","background-size":"auto","background-attachment":"scroll","background-type":"","background-media":"","overlay-type":"","overlay-color":"","overlay-opacity":"","overlay-gradient":""}},"ast-content-background-meta":{"desktop":{"background-color":"var(--ast-global-color-4)","background-image":"","background-repeat":"repeat","background-position":"center center","background-size":"auto","background-attachment":"scroll","background-type":"","background-media":"","overlay-type":"","overlay-color":"","overlay-opacity":"","overlay-gradient":""},"tablet":{"background-color":"var(--ast-global-color-4)","background-image":"","background-repeat":"repeat","background-position":"center center","background-size":"auto","background-attachment":"scroll","background-type":"","background-media":"","overlay-type":"","overlay-color":"","overlay-opacity":"","overlay-gradient":""},"mobile":{"background-color":"var(--ast-global-color-4)","background-image":"","background-repeat":"repeat","background-position":"center center","background-size":"auto","background-attachment":"scroll","background-type":"","background-media":"","overlay-type":"","overlay-color":"","overlay-opacity":"","overlay-gradient":""}},"footnotes":""},"class_list":["post-13","page","type-page","status-publish","hentry"],"_links":{"self":[{"href":"https:\/\/www.kliklokal.re\/index.php?rest_route=\/wp\/v2\/pages\/13","targetHints":{"allow":["GET"]}}],"collection":[{"href":"https:\/\/www.kliklokal.re\/index.php?rest_route=\/wp\/v2\/pages"}],"about":[{"href":"https:\/\/www.kliklokal.re\/index.php?rest_route=\/wp\/v2\/types\/page"}],"author":[{"embeddable":true,"href":"https:\/\/www.kliklokal.re\/index.php?rest_route=\/wp\/v2\/users\/1"}],"replies":[{"embeddable":true,"href":"https:\/\/www.kliklokal.re\/index.php?rest_route=%2Fwp%2Fv2%2Fcomments&post=13"}],"version-history":[{"count":7,"href":"https:\/\/www.kliklokal.re\/index.php?rest_route=\/wp\/v2\/pages\/13\/revisions"}],"predecessor-version":[{"id":186,"href":"https:\/\/www.kliklokal.re\/index.php?rest_route=\/wp\/v2\/pages\/13\/revisions\/186"}],"wp:attachment":[{"href":"https:\/\/www.kliklokal.re\/index.php?rest_route=%2Fwp%2Fv2%2Fmedia&parent=13"}],"curies":[{"name":"wp","href":"https:\/\/api.w.org\/{rel}","templated":true}]}}